{"id":176,"date":"2020-09-30T17:26:15","date_gmt":"2020-09-30T15:26:15","guid":{"rendered":"http:\/\/cziren.hu\/?page_id=176"},"modified":"2023-07-09T23:36:35","modified_gmt":"2023-07-09T21:36:35","slug":"elementor-176","status":"publish","type":"page","link":"https:\/\/cziren.hu\/","title":{"rendered":"Kezd\u0151lap"},"content":{"rendered":"\t\t<div data-elementor-type=\"wp-page\" data-elementor-id=\"176\" class=\"elementor elementor-176\">\n\t\t\t\t\t\t<section class=\"elementor-section elementor-top-section elementor-element elementor-element-6086587 elementor-section-boxed elementor-section-height-default elementor-section-height-default\" data-id=\"6086587\" data-element_type=\"section\" data-e-type=\"section\">\n\t\t\t\t\t\t<div class=\"elementor-container elementor-column-gap-default\">\n\t\t\t\t\t<div class=\"elementor-column elementor-col-25 elementor-top-column elementor-element elementor-element-07952b6\" data-id=\"07952b6\" data-element_type=\"column\" data-e-type=\"column\">\n\t\t\t<div class=\"elementor-widget-wrap elementor-element-populated\">\n\t\t\t\t\t\t<div class=\"elementor-element elementor-element-36401be elementor-widget elementor-widget-image\" data-id=\"36401be\" data-element_type=\"widget\" data-e-type=\"widget\" data-widget_type=\"image.default\">\n\t\t\t\t<div class=\"elementor-widget-container\">\n\t\t\t\t\t\t\t\t\t\t\t\t\t\t\t<img fetchpriority=\"high\" decoding=\"async\" width=\"560\" height=\"496\" src=\"https:\/\/cziren.hu\/wp-content\/uploads\/2023\/07\/portre.jpg\" class=\"attachment-large size-large wp-image-599\" alt=\"\" srcset=\"https:\/\/cziren.hu\/wp-content\/uploads\/2023\/07\/portre.jpg 560w, https:\/\/cziren.hu\/wp-content\/uploads\/2023\/07\/portre-300x266.jpg 300w, https:\/\/cziren.hu\/wp-content\/uploads\/2023\/07\/portre-500x443.jpg 500w\" sizes=\"(max-width: 560px) 100vw, 560px\" \/>\t\t\t\t\t\t\t\t\t\t\t\t\t\t\t<\/div>\n\t\t\t\t<\/div>\n\t\t\t\t\t<\/div>\n\t\t<\/div>\n\t\t\t\t<div class=\"elementor-column elementor-col-25 elementor-top-column elementor-element elementor-element-10719ac\" data-id=\"10719ac\" data-element_type=\"column\" data-e-type=\"column\">\n\t\t\t<div class=\"elementor-widget-wrap\">\n\t\t\t\t\t\t\t<\/div>\n\t\t<\/div>\n\t\t\t\t<div class=\"elementor-column elementor-col-25 elementor-top-column elementor-element elementor-element-623b0ae\" data-id=\"623b0ae\" data-element_type=\"column\" data-e-type=\"column\">\n\t\t\t<div class=\"elementor-widget-wrap\">\n\t\t\t\t\t\t\t<\/div>\n\t\t<\/div>\n\t\t\t\t<div class=\"elementor-column elementor-col-25 elementor-top-column elementor-element elementor-element-3fcca0e\" data-id=\"3fcca0e\" data-element_type=\"column\" data-e-type=\"column\">\n\t\t\t<div class=\"elementor-widget-wrap\">\n\t\t\t\t\t\t\t<\/div>\n\t\t<\/div>\n\t\t\t\t\t<\/div>\n\t\t<\/section>\n\t\t\t\t<section class=\"elementor-section elementor-top-section elementor-element elementor-element-66ae3cf5 elementor-section-boxed elementor-section-height-default elementor-section-height-default\" data-id=\"66ae3cf5\" data-element_type=\"section\" data-e-type=\"section\">\n\t\t\t\t\t\t<div class=\"elementor-container elementor-column-gap-default\">\n\t\t\t\t\t<div class=\"elementor-column elementor-col-100 elementor-top-column elementor-element elementor-element-19c907da\" data-id=\"19c907da\" data-element_type=\"column\" data-e-type=\"column\">\n\t\t\t<div class=\"elementor-widget-wrap elementor-element-populated\">\n\t\t\t\t\t\t<div class=\"elementor-element elementor-element-416b8793 elementor-widget__width-initial elementor-widget elementor-widget-text-editor\" data-id=\"416b8793\" data-element_type=\"widget\" data-e-type=\"widget\" data-widget_type=\"text-editor.default\">\n\t\t\t\t<div class=\"elementor-widget-container\">\n\t\t\t\t\t\t\t\t\t<p><strong>Szeretettel k\u00f6sz\u00f6nt\u00f6m a fest\u00e9szetemet bemutat\u00f3 oldalamon!<\/strong><\/p><p>Czenty\u00e9n\u00e9 Zolnai Ir\u00e9n k\u00e9pz\u0151m\u0171v\u00e9sz vagyok.<\/p><p>1955-ben Debrecenben sz\u00fclettem.<\/p><p>3 \u00e9ves voltam,amikor sz\u00fcleimmel Ny\u00ed\u00adr\u00e1br\u00e1nyba k\u00f6lt\u00f6zt\u00fcnk, \u00ed\u00adgy gyermek\u00e9veimet ebben a csod\u00e1latos kis faluban t\u00f6lthettem.<\/p><p>Festeni 1989-ben kezdtem el.Minden szabadid\u0151met a rajzol\u00e1s \u00e9s a fest\u00e9s t\u00f6lti ki.Olaj,selyem k\u00e9peket,akvarelleket \u00e9s grafik\u00e1kat k\u00e9sz\u00ed\u00adtek.<\/p><p>Autodidakata m\u00f3don magam alak\u00edtom,fejlesztem fest\u00e9szetemet.De sz\u00edvesen eml\u00e9kszem Keresztessy Tam\u00e1s \u00e1ltal\u00e1nos iskolai,Vel\u00e9nyi Rudolf k\u00f6z\u00e9piskolai \u00e9s B\u00ed\u00adr\u00f3 Ferenc f\u0151iskolai rajztan\u00e1raim \u00f3r\u00e1ira.Nagy hat\u00e1ssal voltak r\u00e1m a k\u00e9pz\u0151m\u0171v\u00e9szet ir\u00e1nti \u00e9rdekl\u0151d\u00e9sem kialakul\u00e1s\u00e1ban.<\/p><p>Az egykori falusi \u00e9let meghat\u00e1rozza alkot\u00e1saim t\u00e9m\u00e1it.Felid\u00e9z\u0151dnek bennem a r\u00e9gi eml\u00e9kek,ahogyan a mindig pruszlikos ruh\u00e1t visel\u0151 szomsz\u00e9d n\u00e9ni \u00e9s a kalapos,csizm\u00e1s szomsz\u00e9db\u00e1csi szorgoskodik az udvaron vagy ki\u00fclnek a kispadra besz\u00e9lgetni.De t\u00f6bbek k\u00f6z\u00f6tt eml\u00e9kk\u00e9peimben vannak a betlehemez\u0151k vagy a sz\u00fcreti felvonul\u00f3k is.<\/p><p>N\u00e9pi \u00e9letk\u00e9peket k\u00e9sz\u00ed\u00adtek a r\u00e9gen \u00e9lt falusi emberek \u00e9let\u00e9t,szok\u00e1sait pr\u00f3b\u00e1lom a fest\u00e9szet nyelv\u00e9n kifejezni.<\/p><p>Sz\u00ed\u00advesen festek csend\u00e9leteket is olajjal vagy selyemre festett akvarell technik\u00e1val.<\/p><p>1992 \u00f3ta veszek r\u00e9szt csoportos v\u00e1rosi, megyei, \u00e9s orsz\u00e1gos t\u00e1rlatokon.<\/p><p>2000-t\u0151l \u00f6n\u00e1ll\u00f3 ki\u00e1ll\u00ed\u00adt\u00e1sokon is bemutatom festm\u00e9nyeimet.<\/p><p>Alkot\u00f3munk\u00e1mat t\u00f6bb alkalommal is jutalmazt\u00e1k eml\u00e9klappal,alkot\u00f3i oklev\u00e9llel vagy dics\u00e9r\u0151 oklevelet kaptam.<\/p><p>2019-ben a Magyar N\u00e9prajzi T\u00e1rsas\u00e1g elismer\u00e9s\u00e9t vehettem \u00e1t a Trad\u00edci\u00f3 p\u00e1ly\u00e1zaton el\u00e9rt eredm\u00e9nyem\u00e9rt. A 30 darab festm\u00e9nyemet bemutat\u00f3 dolgozatomat a zs\u0171ri figyelemre m\u00e9lt\u00f3nak min\u0151s\u00ed\u00adtette\u00a0 \u00e9s azt a Magyar N\u00e9prajzi M\u00fazeum Etnol\u00f3giai Arch\u00ed\u00advum\u00e1ban elhelyezte.<\/p><p>K\u00f6zint\u00e9zm\u00e9nyben 10 alkot\u00e1som tal\u00e1lhat\u00f3.A &#8222;Fon\u00f3ban&#8221; c\u00ed\u00adm\u0171 festm\u00e9nyem Kecskem\u00e9ten a Magyar Naiv K\u00e9pz\u0151m\u0171v\u00e9szek M\u00fazeum\u00e1ban n\u00e9zhet\u0151 meg. Az &#8222;\u00daj \u00e9vet k\u00f6sz\u00f6nt\u0151k&#8221; c\u00ed\u00adm\u0171 alkot\u00e1som Kanad\u00e1ban a Nemzetk\u00f6zi Naiv K\u00e9pz\u0151m\u0171v\u00e9szek M\u00fazeum\u00e1ban l\u00e1that\u00f3.<\/p><p>Sokszor a mes\u00e9kben, a versekben lev\u0151 sz\u00e9ps\u00e9g, romantika is arra \u00f6szt\u00f6n\u00f6z, hogy ecsetet vegyek a kezembe.<\/p><p>El\u00e9rhet\u0151s\u00e9gem: zolnaiiren56@gmail.com\u00a0<\/p><figure><\/figure><figure><\/figure><figure><\/figure><figure><\/figure><p>\u00a0<\/p>\t\t\t\t\t\t\t\t<\/div>\n\t\t\t\t<\/div>\n\t\t\t\t\t<\/div>\n\t\t<\/div>\n\t\t\t\t\t<\/div>\n\t\t<\/section>\n\t\t\t\t<\/div>\n\t\t","protected":false},"excerpt":{"rendered":"<p>Szeretettel k\u00f6sz\u00f6nt\u00f6m a fest\u00e9szetemet bemutat\u00f3 oldalamon! Czenty\u00e9n\u00e9 Zolnai Ir\u00e9n k\u00e9pz\u0151m\u0171v\u00e9sz vagyok. 1955-ben Debrecenben sz\u00fclettem. 3 \u00e9ves voltam,amikor sz\u00fcleimmel Ny\u00ed\u00adr\u00e1br\u00e1nyba k\u00f6lt\u00f6zt\u00fcnk, \u00ed\u00adgy gyermek\u00e9veimet ebben a csod\u00e1latos&hellip;<\/p>\n","protected":false},"author":1,"featured_media":0,"parent":0,"menu_order":0,"comment_status":"closed","ping_status":"closed","template":"","meta":{"_vp_format_video_url":"","_vp_image_focal_point":[],"footnotes":""},"class_list":["post-176","page","type-page","status-publish","hentry"],"_links":{"self":[{"href":"https:\/\/cziren.hu\/index.php?rest_route=\/wp\/v2\/pages\/176","targetHints":{"allow":["GET"]}}],"collection":[{"href":"https:\/\/cziren.hu\/index.php?rest_route=\/wp\/v2\/pages"}],"about":[{"href":"https:\/\/cziren.hu\/index.php?rest_route=\/wp\/v2\/types\/page"}],"author":[{"embeddable":true,"href":"https:\/\/cziren.hu\/index.php?rest_route=\/wp\/v2\/users\/1"}],"replies":[{"embeddable":true,"href":"https:\/\/cziren.hu\/index.php?rest_route=%2Fwp%2Fv2%2Fcomments&post=176"}],"version-history":[{"count":48,"href":"https:\/\/cziren.hu\/index.php?rest_route=\/wp\/v2\/pages\/176\/revisions"}],"predecessor-version":[{"id":608,"href":"https:\/\/cziren.hu\/index.php?rest_route=\/wp\/v2\/pages\/176\/revisions\/608"}],"wp:attachment":[{"href":"https:\/\/cziren.hu\/index.php?rest_route=%2Fwp%2Fv2%2Fmedia&parent=176"}],"curies":[{"name":"wp","href":"https:\/\/api.w.org\/{rel}","templated":true}]}}