{"id":254,"date":"2020-10-12T12:35:49","date_gmt":"2020-10-12T10:35:49","guid":{"rendered":"https:\/\/cziren.hu\/?page_id=254"},"modified":"2023-07-08T20:53:38","modified_gmt":"2023-07-08T18:53:38","slug":"kiallitasokon-keszult-fotok","status":"publish","type":"page","link":"https:\/\/cziren.hu\/?page_id=254","title":{"rendered":"Ki\u00e1ll\u00edt\u00e1sokon k\u00e9sz\u00fclt fot\u00f3k"},"content":{"rendered":"\t\t<div data-elementor-type=\"wp-page\" data-elementor-id=\"254\" class=\"elementor elementor-254\">\n\t\t\t\t\t\t<section class=\"elementor-section elementor-top-section elementor-element elementor-element-d082724 elementor-section-boxed elementor-section-height-default elementor-section-height-default\" data-id=\"d082724\" data-element_type=\"section\" data-e-type=\"section\">\n\t\t\t\t\t\t<div class=\"elementor-container elementor-column-gap-default\">\n\t\t\t\t\t<div class=\"elementor-column elementor-col-33 elementor-top-column elementor-element elementor-element-7070b3d\" data-id=\"7070b3d\" data-element_type=\"column\" data-e-type=\"column\">\n\t\t\t<div class=\"elementor-widget-wrap elementor-element-populated\">\n\t\t\t\t\t\t<div class=\"elementor-element elementor-element-fd1d53f elementor-widget elementor-widget-image\" data-id=\"fd1d53f\" data-element_type=\"widget\" data-e-type=\"widget\" data-widget_type=\"image.default\">\n\t\t\t\t<div class=\"elementor-widget-container\">\n\t\t\t\t\t\t\t\t\t\t\t\t\t\t\t<img fetchpriority=\"high\" decoding=\"async\" width=\"800\" height=\"600\" src=\"https:\/\/cziren.hu\/wp-content\/uploads\/2020\/09\/big_2011-4.jpg\" class=\"attachment-large size-large wp-image-158\" alt=\"\" srcset=\"https:\/\/cziren.hu\/wp-content\/uploads\/2020\/09\/big_2011-4.jpg 800w, https:\/\/cziren.hu\/wp-content\/uploads\/2020\/09\/big_2011-4-600x450.jpg 600w, https:\/\/cziren.hu\/wp-content\/uploads\/2020\/09\/big_2011-4-300x225.jpg 300w, https:\/\/cziren.hu\/wp-content\/uploads\/2020\/09\/big_2011-4-768x576.jpg 768w\" sizes=\"(max-width: 800px) 100vw, 800px\" \/>\t\t\t\t\t\t\t\t\t\t\t\t\t\t\t<\/div>\n\t\t\t\t<\/div>\n\t\t\t\t\t<\/div>\n\t\t<\/div>\n\t\t\t\t<div class=\"elementor-column elementor-col-33 elementor-top-column elementor-element elementor-element-13a3d41\" data-id=\"13a3d41\" data-element_type=\"column\" data-e-type=\"column\">\n\t\t\t<div class=\"elementor-widget-wrap elementor-element-populated\">\n\t\t\t\t\t\t<div class=\"elementor-element elementor-element-49602b6 elementor-widget elementor-widget-image\" data-id=\"49602b6\" data-element_type=\"widget\" data-e-type=\"widget\" data-widget_type=\"image.default\">\n\t\t\t\t<div class=\"elementor-widget-container\">\n\t\t\t\t\t\t\t\t\t\t\t\t\t\t\t<img decoding=\"async\" width=\"640\" height=\"480\" src=\"https:\/\/cziren.hu\/wp-content\/uploads\/2020\/09\/big_2007-3.jpg\" class=\"attachment-large size-large wp-image-155\" alt=\"\" srcset=\"https:\/\/cziren.hu\/wp-content\/uploads\/2020\/09\/big_2007-3.jpg 640w, https:\/\/cziren.hu\/wp-content\/uploads\/2020\/09\/big_2007-3-600x450.jpg 600w, https:\/\/cziren.hu\/wp-content\/uploads\/2020\/09\/big_2007-3-300x225.jpg 300w\" sizes=\"(max-width: 640px) 100vw, 640px\" \/>\t\t\t\t\t\t\t\t\t\t\t\t\t\t\t<\/div>\n\t\t\t\t<\/div>\n\t\t\t\t\t<\/div>\n\t\t<\/div>\n\t\t\t\t<div class=\"elementor-column elementor-col-33 elementor-top-column elementor-element elementor-element-3525d95\" data-id=\"3525d95\" data-element_type=\"column\" data-e-type=\"column\">\n\t\t\t<div class=\"elementor-widget-wrap elementor-element-populated\">\n\t\t\t\t\t\t<div class=\"elementor-element elementor-element-7791723 elementor-widget elementor-widget-image\" data-id=\"7791723\" data-element_type=\"widget\" data-e-type=\"widget\" data-widget_type=\"image.default\">\n\t\t\t\t<div class=\"elementor-widget-container\">\n\t\t\t\t\t\t\t\t\t\t\t\t\t\t\t<img decoding=\"async\" width=\"640\" height=\"480\" src=\"https:\/\/cziren.hu\/wp-content\/uploads\/2020\/09\/big_2007-2.jpg\" class=\"attachment-large size-large wp-image-154\" alt=\"\" srcset=\"https:\/\/cziren.hu\/wp-content\/uploads\/2020\/09\/big_2007-2.jpg 640w, https:\/\/cziren.hu\/wp-content\/uploads\/2020\/09\/big_2007-2-600x450.jpg 600w, https:\/\/cziren.hu\/wp-content\/uploads\/2020\/09\/big_2007-2-300x225.jpg 300w\" sizes=\"(max-width: 640px) 100vw, 640px\" \/>\t\t\t\t\t\t\t\t\t\t\t\t\t\t\t<\/div>\n\t\t\t\t<\/div>\n\t\t\t\t\t<\/div>\n\t\t<\/div>\n\t\t\t\t\t<\/div>\n\t\t<\/section>\n\t\t\t\t<section class=\"elementor-section elementor-top-section elementor-element elementor-element-94f154e elementor-section-boxed elementor-section-height-default elementor-section-height-default\" data-id=\"94f154e\" data-element_type=\"section\" data-e-type=\"section\">\n\t\t\t\t\t\t<div class=\"elementor-container elementor-column-gap-default\">\n\t\t\t\t\t<div class=\"elementor-column elementor-col-50 elementor-top-column elementor-element elementor-element-3c6ed34\" data-id=\"3c6ed34\" data-element_type=\"column\" data-e-type=\"column\">\n\t\t\t<div class=\"elementor-widget-wrap elementor-element-populated\">\n\t\t\t\t\t\t<div class=\"elementor-element elementor-element-bc34e10 elementor-widget elementor-widget-image\" data-id=\"bc34e10\" data-element_type=\"widget\" data-e-type=\"widget\" data-widget_type=\"image.default\">\n\t\t\t\t<div class=\"elementor-widget-container\">\n\t\t\t\t\t\t\t\t\t\t\t\t\t\t\t<img loading=\"lazy\" decoding=\"async\" width=\"800\" height=\"600\" src=\"https:\/\/cziren.hu\/wp-content\/uploads\/2020\/09\/big_2009-3.jpg\" class=\"attachment-large size-large wp-image-157\" alt=\"\" srcset=\"https:\/\/cziren.hu\/wp-content\/uploads\/2020\/09\/big_2009-3.jpg 800w, https:\/\/cziren.hu\/wp-content\/uploads\/2020\/09\/big_2009-3-600x450.jpg 600w, https:\/\/cziren.hu\/wp-content\/uploads\/2020\/09\/big_2009-3-300x225.jpg 300w, https:\/\/cziren.hu\/wp-content\/uploads\/2020\/09\/big_2009-3-768x576.jpg 768w\" sizes=\"(max-width: 800px) 100vw, 800px\" \/>\t\t\t\t\t\t\t\t\t\t\t\t\t\t\t<\/div>\n\t\t\t\t<\/div>\n\t\t\t\t\t<\/div>\n\t\t<\/div>\n\t\t\t\t<div class=\"elementor-column elementor-col-50 elementor-top-column elementor-element elementor-element-9ad0c00\" data-id=\"9ad0c00\" data-element_type=\"column\" data-e-type=\"column\">\n\t\t\t<div class=\"elementor-widget-wrap elementor-element-populated\">\n\t\t\t\t\t\t<div class=\"elementor-element elementor-element-ad3899a elementor-widget elementor-widget-image\" data-id=\"ad3899a\" data-element_type=\"widget\" data-e-type=\"widget\" data-widget_type=\"image.default\">\n\t\t\t\t<div class=\"elementor-widget-container\">\n\t\t\t\t\t\t\t\t\t\t\t\t\t\t\t<img loading=\"lazy\" decoding=\"async\" width=\"800\" height=\"600\" src=\"https:\/\/cziren.hu\/wp-content\/uploads\/2020\/09\/big_2009.jpg\" class=\"attachment-large size-large wp-image-156\" alt=\"\" srcset=\"https:\/\/cziren.hu\/wp-content\/uploads\/2020\/09\/big_2009.jpg 800w, https:\/\/cziren.hu\/wp-content\/uploads\/2020\/09\/big_2009-600x450.jpg 600w, https:\/\/cziren.hu\/wp-content\/uploads\/2020\/09\/big_2009-300x225.jpg 300w, https:\/\/cziren.hu\/wp-content\/uploads\/2020\/09\/big_2009-768x576.jpg 768w\" sizes=\"(max-width: 800px) 100vw, 800px\" \/>\t\t\t\t\t\t\t\t\t\t\t\t\t\t\t<\/div>\n\t\t\t\t<\/div>\n\t\t\t\t\t<\/div>\n\t\t<\/div>\n\t\t\t\t\t<\/div>\n\t\t<\/section>\n\t\t\t\t<\/div>\n\t\t","protected":false},"excerpt":{"rendered":"","protected":false},"author":1,"featured_media":0,"parent":0,"menu_order":0,"comment_status":"closed","ping_status":"closed","template":"","meta":{"_vp_format_video_url":"","_vp_image_focal_point":[],"footnotes":""},"class_list":["post-254","page","type-page","status-publish","hentry"],"_links":{"self":[{"href":"https:\/\/cziren.hu\/index.php?rest_route=\/wp\/v2\/pages\/254","targetHints":{"allow":["GET"]}}],"collection":[{"href":"https:\/\/cziren.hu\/index.php?rest_route=\/wp\/v2\/pages"}],"about":[{"href":"https:\/\/cziren.hu\/index.php?rest_route=\/wp\/v2\/types\/page"}],"author":[{"embeddable":true,"href":"https:\/\/cziren.hu\/index.php?rest_route=\/wp\/v2\/users\/1"}],"replies":[{"embeddable":true,"href":"https:\/\/cziren.hu\/index.php?rest_route=%2Fwp%2Fv2%2Fcomments&post=254"}],"version-history":[{"count":10,"href":"https:\/\/cziren.hu\/index.php?rest_route=\/wp\/v2\/pages\/254\/revisions"}],"predecessor-version":[{"id":561,"href":"https:\/\/cziren.hu\/index.php?rest_route=\/wp\/v2\/pages\/254\/revisions\/561"}],"wp:attachment":[{"href":"https:\/\/cziren.hu\/index.php?rest_route=%2Fwp%2Fv2%2Fmedia&parent=254"}],"curies":[{"name":"wp","href":"https:\/\/api.w.org\/{rel}","templated":true}]}}