{"id":305,"date":"2020-10-12T12:43:16","date_gmt":"2020-10-12T10:43:16","guid":{"rendered":"https:\/\/cziren.hu\/?page_id=305"},"modified":"2023-07-09T00:06:50","modified_gmt":"2023-07-08T22:06:50","slug":"kiallitasok","status":"publish","type":"page","link":"https:\/\/cziren.hu\/?page_id=305","title":{"rendered":"Ki\u00e1ll\u00edt\u00e1sok"},"content":{"rendered":"\t\t<div data-elementor-type=\"wp-page\" data-elementor-id=\"305\" class=\"elementor elementor-305\">\n\t\t\t\t\t\t<section class=\"elementor-section elementor-top-section elementor-element elementor-element-496eb930 elementor-section-boxed elementor-section-height-default elementor-section-height-default\" data-id=\"496eb930\" data-element_type=\"section\" data-e-type=\"section\">\n\t\t\t\t\t\t<div class=\"elementor-container elementor-column-gap-default\">\n\t\t\t\t\t<div class=\"elementor-column elementor-col-100 elementor-top-column elementor-element elementor-element-2c57f287\" data-id=\"2c57f287\" data-element_type=\"column\" data-e-type=\"column\">\n\t\t\t<div class=\"elementor-widget-wrap elementor-element-populated\">\n\t\t\t\t\t\t<div class=\"elementor-element elementor-element-25581ea5 elementor-widget elementor-widget-text-editor\" data-id=\"25581ea5\" data-element_type=\"widget\" data-e-type=\"widget\" data-widget_type=\"text-editor.default\">\n\t\t\t\t<div class=\"elementor-widget-container\">\n\t\t\t\t\t\t\t\t\t\n<ul class=\"wp-block-list\"><li><\/li><\/ul>\n\t\t\t\t\t\t\t\t<\/div>\n\t\t\t\t<\/div>\n\t\t\t\t\t<\/div>\n\t\t<\/div>\n\t\t\t\t\t<\/div>\n\t\t<\/section>\n\t\t\t\t<section class=\"elementor-section elementor-top-section elementor-element elementor-element-bd55bd0 elementor-section-boxed elementor-section-height-default elementor-section-height-default\" data-id=\"bd55bd0\" data-element_type=\"section\" data-e-type=\"section\">\n\t\t\t\t\t\t<div class=\"elementor-container elementor-column-gap-default\">\n\t\t\t\t\t<div class=\"elementor-column elementor-col-100 elementor-top-column elementor-element elementor-element-7143aa6\" data-id=\"7143aa6\" data-element_type=\"column\" data-e-type=\"column\">\n\t\t\t<div class=\"elementor-widget-wrap elementor-element-populated\">\n\t\t\t\t\t\t<div class=\"elementor-element elementor-element-dace3fa elementor-widget elementor-widget-text-editor\" data-id=\"dace3fa\" data-element_type=\"widget\" data-e-type=\"widget\" data-widget_type=\"text-editor.default\">\n\t\t\t\t<div class=\"elementor-widget-container\">\n\t\t\t\t\t\t\t\t\t<p><em><strong>Csoportos ki\u00e1ll\u00edt\u00e1saim<\/strong><\/em><\/p>\n<p>&#8211; Hajd\u00fa-Bihar Megyei \u0151szi t\u00e1rlatok Debrecen &#8211;<span style=\"color: var( --e-global-color-text ); font-family: var( --e-global-typography-text-font-family ), Sans-serif; font-weight: var( --e-global-typography-text-font-weight );\">1992, 1993, 1994, 1995, 2006, 2008, 2010, 2011,\u00a0 2012,2014<\/span><\/p>\n<p>&#8211; Hajd\u00fa-Bihar Megyei \u0151szi t\u00e1rlat Hajd\u00fab\u00f6sz\u00f6rm\u00e9ny -2007<\/p>\n<p>&#8211; Hajd\u00fa-Bihar Megyei \u0151szi t\u00e1rlat Hajd\u00faszoboszl\u00f3 &#8211; 2011<\/p>\n<p>&#8211; Hajd\u00fa-Bihar Megyei fest\u00e9szeti ki\u00e1ll\u00edt\u00e1s T\u00e9gl\u00e1s &#8211; 1994, 1995, 1996, 1997, 1998, 1999, 2003<\/p>\n<p>&#8211; Veszpr\u00e9m-Bakony-Balaton orsz\u00e1gos ki\u00e1ll\u00edt\u00e1s &#8211; 1995<\/p>\n<p>&#8211; Vasutas k\u00e9pz\u0151m\u0171v\u00e9szeti m\u0171hely ki\u00e1ll\u00edt\u00e1sai: Tokaj, Debrecen, S\u00e1rospatak &#8211; 1999, 2001, 2002<\/p>\n<p>&#8211; Kort\u00e1rs art expo Debrecen &#8211; 2001<\/p>\n<p>&#8211; Alkot\u00f3 pedag\u00f3gusok ki\u00e1ll\u00edt\u00e1sa Debrecen &#8211; 2002<\/p>\n<p>&#8211; Orsz\u00e1gos K\u00e9pz\u0151 \u00e9s Iparm\u0171v\u00e9szeti T\u00e1rsas\u00e1g ki\u00e1ll\u00edt\u00e1sai: Budapest, Balatonalm\u00e1di, Tata, H\u00e9v\u00edz, Debrecen &#8211; 2003, 2004, 2006<\/p>\n<p>&#8211; Benedek Elek K\u00f6nyvt\u00e1r Debrecen &#8211; 2006<\/p>\n<p>&#8211; Amator Artium XX. Orsz\u00e1gos Eszencia T\u00e1rlat Budapest &#8211; 2009<\/p>\n<p>&#8211; &#8222;VOVA&#8221;- Mini Art nemzetk\u00f6zi ki\u00e1ll\u00edt\u00e1sok Vonyarcvashegy &#8211; 2009, 2011, 2012<\/p>\n<p>&#8211; \u00c1lland\u00f3 ki\u00e1ll\u00edt\u00e1son: A Magyar Na\u00edv K\u00e9pz\u0151m\u0171v\u00e9szek m\u00fazeuma Kecskem\u00e9t &#8211; 2010-t\u0151l<\/p>\n<p>&#8211; Utaz\u00f3 Esszencia t\u00e1rlatok: Budapest, Kaposv\u00e1r, Szolnok, Kalocsa, Hatvan, Balatonkenese, P\u00e9cs, Debrecen &#8211; 2010, 2011<\/p>\n<p>&#8211; Nemzetk\u00f6zi Miniat\u0171r ki\u00e1ll\u00edt\u00e1sok: Kaposv\u00e1r, P\u00e9cs &#8211; 2010<\/p>\n<p>&#8211; Magyar M\u0171vel\u0151d\u00e9si Int\u00e9zet orsz\u00e1gos ki\u00e1ll\u00edt\u00e1sa &#8211; 2010<\/p>\n<p>&#8211; Amator Artium XXI. Hajd\u00fa-Bihar Megyei t\u00e1rlat Debrecen &#8211; 2011<\/p>\n<p>&#8211; &#8222;Balatonszalon &#8221; Vonyarcvashegy &#8211; 2011, 2012<\/p>\n<p>&#8211; &#8222;Hommage \u00e1 Malonyai Dezs\u0151&#8221; Duna Palota Budapest &#8211; 2016<\/p>\n<p>&#8211; \u00c1lland\u00f3 ki\u00e1ll\u00edt\u00e1son: Musse International d&#8217;Art Naif de Magog Kanada &#8211; 2018-t\u00f3l<\/p>\n<p>&#8211; Tradici\u00f3 p\u00e1ly\u00e1zat ki\u00e1ll\u00edt\u00e1sa Budapest &#8211; 2019<\/p>\n<p>&#8211; Mozaik ki\u00e1ll\u00edt\u00e1s Debrecen-J\u00f3zsa &#8211; 2020<\/p>\n<p>&#8211; &#8222;Naiva Bratislava &#8221; &#8211; 2020, 2023<\/p>\n<p>&#8211; &#8222;Naiva and fashion&#8221;\u00a0 \u00a0Gina Gallery Tell-Aviv &#8211; 2022<\/p>\n<p>&#8211; &#8221; Naiva Bulg\u00e1ria&#8221; &#8211; 2023<span style=\"color: var( --e-global-color-text ); font-family: var( --e-global-typography-text-font-family ), Sans-serif; font-weight: var( --e-global-typography-text-font-weight );\">\u00a0 \u00a0 \u00a0 \u00a0 \u00a0 \u00a0 \u00a0 \u00a0 \u00a0 \u00a0 \u00a0 \u00a0 \u00a0 \u00a0 \u00a0 \u00a0 \u00a0 \u00a0 \u00a0<\/span><\/p>\t\t\t\t\t\t\t\t<\/div>\n\t\t\t\t<\/div>\n\t\t\t\t\t<\/div>\n\t\t<\/div>\n\t\t\t\t\t<\/div>\n\t\t<\/section>\n\t\t\t\t<section class=\"elementor-section elementor-top-section elementor-element elementor-element-27964e9 elementor-section-boxed elementor-section-height-default elementor-section-height-default\" data-id=\"27964e9\" data-element_type=\"section\" data-e-type=\"section\">\n\t\t\t\t\t\t<div class=\"elementor-container elementor-column-gap-default\">\n\t\t\t\t\t<div class=\"elementor-column elementor-col-100 elementor-top-column elementor-element elementor-element-76add25\" data-id=\"76add25\" data-element_type=\"column\" data-e-type=\"column\">\n\t\t\t<div class=\"elementor-widget-wrap elementor-element-populated\">\n\t\t\t\t\t\t\t<\/div>\n\t\t<\/div>\n\t\t\t\t\t<\/div>\n\t\t<\/section>\n\t\t\t\t<section class=\"elementor-section elementor-top-section elementor-element elementor-element-4cc3fb8 elementor-section-boxed elementor-section-height-default elementor-section-height-default\" data-id=\"4cc3fb8\" data-element_type=\"section\" data-e-type=\"section\">\n\t\t\t\t\t\t<div class=\"elementor-container elementor-column-gap-default\">\n\t\t\t\t\t<div class=\"elementor-column elementor-col-100 elementor-top-column elementor-element elementor-element-5d0b930\" data-id=\"5d0b930\" data-element_type=\"column\" data-e-type=\"column\">\n\t\t\t<div class=\"elementor-widget-wrap elementor-element-populated\">\n\t\t\t\t\t\t<div class=\"elementor-element elementor-element-f976ac7 elementor-widget elementor-widget-text-editor\" data-id=\"f976ac7\" data-element_type=\"widget\" data-e-type=\"widget\" data-widget_type=\"text-editor.default\">\n\t\t\t\t<div class=\"elementor-widget-container\">\n\t\t\t\t\t\t\t\t\t<p><em><strong>\u00d6n\u00e1ll\u00f3 ki\u00e1ll\u00edt\u00e1saim<\/strong><\/em><\/p>\n<ul>\n<li>Post\u00e1s \u00fcd\u00fcl\u0151 Debrecen &#8211; 2000<\/li>\n<li>\u00c1br\u00e1nyi Korn\u00e9l M\u0171vel\u0151d\u00e9si h\u00e1z Ny\u00edr\u00e1br\u00e1ny &#8211; 2001<\/li>\n<li>V\u00e1rosi Helyt\u00f6rt\u00e9neti M\u00fazeum Koml\u00f3 &#8211; 2002<\/li>\n<li>Civis Grand Hotel Aranybika &#8211; 2003<\/li>\n<li>Honv\u00e9delmi Miniszt\u00e9rium Kultur\u00e1lis \u00e9s Szabadid\u0151 k\u00f6zpont Stef\u00e1nia palota &#8211; 2003<\/li>\n<li>Fest\u00e1l \u00e9tterem \u00c9rd &#8211; 2004<\/li>\n<li>Nemzetk\u00f6zi Kereskedelmi K\u00f6zpont Gy\u0151r &#8211; 2004<\/li>\n<li>Mag\u00e1nklinika Telki &#8211; 2004<\/li>\n<li>K\u00f6z\u00f6ss\u00e9gi h\u00e1z Debrecen-J\u00f3zsa &#8211; 2005<\/li>\n<li>Benedek Elek k\u00f6nyvt\u00e1r Debrecen &#8211; 2005<\/li>\n<li>DOTE Mini Gal\u00e9ria &#8211; 2005\u00a0<\/li>\n<li>M\u0171vel\u0151d\u00e9si h\u00e1z V\u00e1mosp\u00e9rcs &#8211; 2006<\/li>\n<li>\u00c1br\u00e1nyi Korn\u00e9l M\u0171vel\u0151d\u00e9si h\u00e1z Ny\u00edr\u00e1br\u00e1ny &#8211; 2006<\/li>\n<li>Malom Gal\u00e9ria Ny\u00edracs\u00e1d &#8211; 2006<\/li>\n<li>Sz\u00e9ch\u00e9nyi uti Reform\u00e1tus Templom Debrecen &#8211; 2006<\/li>\n<li>Cora gal\u00e9ria Debrecen &#8211; 2007, 2008<\/li>\n<li>A Magyar Naiv K\u00e9pz\u0151m\u0171v\u00e9szek M\u00fazeuma Kecskem\u00e9t &#8211; 2009<\/li>\n<li>Szab\u00f3 Magda k\u00e1v\u00e9z\u00f3 \u00e9s gal\u00e9ria &#8211; 2009<\/li>\n<li>F\u00fcredi \u00fati Reform\u00e1tus Templom Debrecen &#8211; 2011<\/li>\n<li>T\u00f3th \u00c1rp\u00e1d Gimn\u00e1zium Debrecen &#8211; 2011,2012<\/li>\n<li>V\u00e1rosi k\u00f6nyvt\u00e1r T\u00e9gl\u00e1s &#8211; 2013<\/li>\n<li>Vigad\u00f3 gal\u00e9ria Monor &#8211; 20014<\/li>\n<li>K\u00f6z\u00f6ss\u00e9gi h\u00e1z Debrecen-J\u00f3zsa &#8211; 2015<\/li>\n<li>G\u00f6r\u00f6g Demeter M\u0171vel\u0151d\u00e9si h\u00e1z Hajd\u00fadorog &#8211; 2016<\/li>\n<li>K\u00f6z\u00f6ss\u00e9gi h\u00e1z Debrecen-J\u00f3zsa &#8211; 2018<\/li>\n<li>\u00c1br\u00e1nyi Korn\u00e9l M\u0171vel\u0151d\u00e9si h\u00e1z Ny\u00edr\u00e1br\u00e1ny &#8211; 2023<\/li>\n<\/ul>\t\t\t\t\t\t\t\t<\/div>\n\t\t\t\t<\/div>\n\t\t\t\t\t<\/div>\n\t\t<\/div>\n\t\t\t\t\t<\/div>\n\t\t<\/section>\n\t\t\t\t<\/div>\n\t\t","protected":false},"excerpt":{"rendered":"<p>Csoportos ki\u00e1ll\u00edt\u00e1saim &#8211; Hajd\u00fa-Bihar Megyei \u0151szi t\u00e1rlatok Debrecen -1992, 1993, 1994, 1995, 2006, 2008, 2010, 2011,\u00a0 2012,2014 &#8211; Hajd\u00fa-Bihar Megyei \u0151szi t\u00e1rlat Hajd\u00fab\u00f6sz\u00f6rm\u00e9ny -2007 &#8211;&hellip;<\/p>\n","protected":false},"author":1,"featured_media":0,"parent":0,"menu_order":0,"comment_status":"closed","ping_status":"closed","template":"","meta":{"_vp_format_video_url":"","_vp_image_focal_point":[],"footnotes":""},"class_list":["post-305","page","type-page","status-publish","hentry"],"_links":{"self":[{"href":"https:\/\/cziren.hu\/index.php?rest_route=\/wp\/v2\/pages\/305","targetHints":{"allow":["GET"]}}],"collection":[{"href":"https:\/\/cziren.hu\/index.php?rest_route=\/wp\/v2\/pages"}],"about":[{"href":"https:\/\/cziren.hu\/index.php?rest_route=\/wp\/v2\/types\/page"}],"author":[{"embeddable":true,"href":"https:\/\/cziren.hu\/index.php?rest_route=\/wp\/v2\/users\/1"}],"replies":[{"embeddable":true,"href":"https:\/\/cziren.hu\/index.php?rest_route=%2Fwp%2Fv2%2Fcomments&post=305"}],"version-history":[{"count":18,"href":"https:\/\/cziren.hu\/index.php?rest_route=\/wp\/v2\/pages\/305\/revisions"}],"predecessor-version":[{"id":576,"href":"https:\/\/cziren.hu\/index.php?rest_route=\/wp\/v2\/pages\/305\/revisions\/576"}],"wp:attachment":[{"href":"https:\/\/cziren.hu\/index.php?rest_route=%2Fwp%2Fv2%2Fmedia&parent=305"}],"curies":[{"name":"wp","href":"https:\/\/api.w.org\/{rel}","templated":true}]}}